{"id":980,"date":"2026-03-30T15:05:39","date_gmt":"2026-03-30T14:05:39","guid":{"rendered":"https:\/\/arhtusia.com\/?page_id=980"},"modified":"2026-03-30T15:10:46","modified_gmt":"2026-03-30T14:10:46","slug":"mentions-legales","status":"publish","type":"page","link":"https:\/\/arhtusia.com\/index.php\/mentions-legales\/","title":{"rendered":"mentions l\u00e9gales"},"content":{"rendered":"\t\t<div data-elementor-type=\"wp-page\" data-elementor-id=\"980\" class=\"elementor elementor-980\" data-elementor-post-type=\"page\">\n\t\t\t\t<div class=\"elementor-element elementor-element-2dbbb8c elementor-hidden-desktop e-con-full e-flex e-con e-parent\" data-id=\"2dbbb8c\" data-element_type=\"container\" data-e-type=\"container\">\n\t\t\t\t<\/div>\n\t\t<div class=\"elementor-element elementor-element-c12c6ce e-flex e-con-boxed e-con e-parent\" data-id=\"c12c6ce\" data-element_type=\"container\" data-e-type=\"container\">\n\t\t\t\t\t<div class=\"e-con-inner\">\n\t\t\t\t<div class=\"elementor-element elementor-element-de14590 elementor-widget elementor-widget-text-editor\" data-id=\"de14590\" data-element_type=\"widget\" data-e-type=\"widget\" data-widget_type=\"text-editor.default\">\n\t\t\t\t\t\t\t\t\t<h2 class=\"wp-block-heading\" data-section-id=\"v8mmlh\" data-start=\"259\" data-end=\"287\">1. Informations g\u00e9n\u00e9rales<\/h2><p data-start=\"289\" data-end=\"320\">Le pr\u00e9sent site est \u00e9dit\u00e9 par :<\/p><p data-start=\"322\" data-end=\"423\"><b>aRHtusia\u00a0<\/b><br data-start=\"385\" data-end=\"388\" \/>Repr\u00e9sent\u00e9e par :<\/p><p data-start=\"425\" data-end=\"499\">Si\u00e8ge social :<br data-start=\"439\" data-end=\"442\" \/>Adresse :\u00a0<\/p><p data-start=\"501\" data-end=\"586\">Num\u00e9ro SIREN :<\/p><p data-start=\"501\" data-end=\"586\"><strong data-start=\"517\" data-end=\"557\">Num\u00e9ro SIRET : <\/strong><\/p><p data-start=\"501\" data-end=\"586\">Date de cr\u00e9ation :\u00a0<\/p><p data-start=\"623\" data-end=\"672\">Email :\u00a0<strong data-start=\"632\" data-end=\"669\"><br data-start=\"643\" data-end=\"646\" \/>T\u00e9l\u00e9phone :<\/strong><\/p><hr data-start=\"674\" data-end=\"677\" \/><h2 data-section-id=\"m5xqzh\" data-start=\"679\" data-end=\"696\">2. H\u00e9bergement<\/h2><p data-start=\"698\" data-end=\"723\">Le site est h\u00e9berg\u00e9 par :<\/p><p data-start=\"698\" data-end=\"723\">Nom de l\u2019h\u00e9bergeur : OVH<br data-start=\"758\" data-end=\"761\" \/>Adresse :<b>2, rue Kellermann, 59100 Roubaix<\/b>.\u00a0<br data-start=\"783\" data-end=\"786\" \/>T\u00e9l\u00e9phone : 537 407 926\u00a0<\/p><hr data-start=\"814\" data-end=\"817\" \/><h2 data-section-id=\"13o5bq3\" data-start=\"819\" data-end=\"849\">3. Propri\u00e9t\u00e9 intellectuelle<\/h2><p data-start=\"851\" data-end=\"1061\">L\u2019ensemble du contenu pr\u00e9sent sur le site (textes, images, graphismes, logos, vid\u00e9os, ic\u00f4nes, etc.) est la propri\u00e9t\u00e9 exclusive de <strong data-start=\"981\" data-end=\"1011\">aRHtusia<\/strong>\u00a0ou fait l\u2019objet d\u2019une autorisation d\u2019utilisation.<\/p><p data-start=\"1063\" data-end=\"1266\">Toute reproduction, repr\u00e9sentation, modification, publication ou adaptation, totale ou partielle, de ces \u00e9l\u00e9ments, quel que soit le moyen ou le proc\u00e9d\u00e9 utilis\u00e9, est interdite sans autorisation pr\u00e9alable.<\/p><hr data-start=\"1268\" data-end=\"1271\" \/><h2 data-section-id=\"v36tm3\" data-start=\"1273\" data-end=\"1293\">4. Responsabilit\u00e9<\/h2><p data-start=\"1295\" data-end=\"1397\">Les informations diffus\u00e9es sur ce site sont fournies \u00e0 titre indicatif et sont susceptibles d\u2019\u00e9voluer.<\/p><p data-start=\"1399\" data-end=\"1585\"><strong data-start=\"1399\" data-end=\"1429\">aRHtusia<\/strong>\u00a0s\u2019efforce d\u2019assurer l\u2019exactitude et la mise \u00e0 jour des informations diffus\u00e9es, mais ne saurait garantir leur exactitude, leur compl\u00e9tude ou leur actualit\u00e9.<\/p><p data-start=\"1587\" data-end=\"1753\">La responsabilit\u00e9 de <strong data-start=\"1608\" data-end=\"1638\">aRHtusia<\/strong>\u00a0ne pourra \u00eatre engag\u00e9e en cas de dommages directs ou indirects r\u00e9sultant de l\u2019acc\u00e8s au site ou de son utilisation.<\/p><hr data-start=\"1755\" data-end=\"1758\" \/><h2 data-section-id=\"npd6o2\" data-start=\"1760\" data-end=\"1786\">5. Donn\u00e9es personnelles<\/h2><p data-start=\"1788\" data-end=\"1923\">Les donn\u00e9es personnelles collect\u00e9es via les formulaires pr\u00e9sents sur le site sont trait\u00e9es conform\u00e9ment \u00e0 la r\u00e9glementation en vigueur.<\/p><p data-start=\"1925\" data-end=\"2057\">Pour en savoir plus sur la collecte et le traitement des donn\u00e9es, vous pouvez consulter la\u00a0<\/p><hr data-start=\"2059\" data-end=\"2062\" \/><h2 data-section-id=\"tydf3e\" data-start=\"2064\" data-end=\"2077\">6. Cookies<\/h2><p data-start=\"2079\" data-end=\"2190\">Le site peut \u00eatre amen\u00e9 \u00e0 utiliser des cookies afin d\u2019am\u00e9liorer l\u2019exp\u00e9rience utilisateur et mesurer l\u2019audience.<\/p><p data-start=\"2192\" data-end=\"2349\">Lors de votre premi\u00e8re visite, un bandeau vous informe de l\u2019utilisation de ces cookies et vous permet d\u2019accepter, de refuser ou de personnaliser votre choix.<\/p><hr data-start=\"2351\" data-end=\"2354\" \/><h2 data-section-id=\"1l3b287\" data-start=\"2356\" data-end=\"2376\">7. Liens externes<\/h2><p data-start=\"2378\" data-end=\"2439\">Le site peut contenir des liens vers d\u2019autres sites internet.<\/p><p data-start=\"2441\" data-end=\"2595\"><strong data-start=\"2441\" data-end=\"2471\">aRHtusia<\/strong>\u00a0ne peut \u00eatre tenue responsable du contenu de ces sites externes ni de leurs pratiques en mati\u00e8re de protection des donn\u00e9es.<\/p><hr data-start=\"2597\" data-end=\"2600\" \/><h2 data-section-id=\"1j5f7an\" data-start=\"2602\" data-end=\"2641\">8. Modification des mentions l\u00e9gales<\/h2><p data-start=\"2643\" data-end=\"2751\"><strong data-start=\"2643\" data-end=\"2673\">aRHtusia<\/strong>\u00a0se r\u00e9serve le droit de modifier les pr\u00e9sentes mentions l\u00e9gales \u00e0 tout moment.<\/p><p data-start=\"2753\" data-end=\"2808\">L\u2019utilisateur est invit\u00e9 \u00e0 les consulter r\u00e9guli\u00e8rement.<\/p>\t\t\t\t\t\t\t\t<\/div>\n\t\t\t\t\t<\/div>\n\t\t\t\t<\/div>\n\t\t<div class=\"elementor-element elementor-element-18de94ef e-con-full e-flex e-con e-parent\" data-id=\"18de94ef\" data-element_type=\"container\" data-e-type=\"container\" data-settings=\"{&quot;background_background&quot;:&quot;classic&quot;}\">\n\t\t<div class=\"elementor-element elementor-element-204bb5b5 e-con-full e-flex e-con e-child\" data-id=\"204bb5b5\" data-element_type=\"container\" data-e-type=\"container\">\n\t\t\t\t<div class=\"elementor-element elementor-element-9cf5ba9 elementor-widget__width-initial elementor-widget elementor-widget-image\" data-id=\"9cf5ba9\" data-element_type=\"widget\" data-e-type=\"widget\" data-widget_type=\"image.default\">\n\t\t\t\t\t\t\t\t\t\t\t\t\t\t\t<img fetchpriority=\"high\" decoding=\"async\" width=\"1536\" height=\"1024\" src=\"https:\/\/arhtusia.com\/wp-content\/uploads\/2026\/03\/LOGO-COULEUR59.jpeg\" class=\"attachment-1536x1536 size-1536x1536 wp-image-924\" alt=\"\" srcset=\"https:\/\/arhtusia.com\/wp-content\/uploads\/2026\/03\/LOGO-COULEUR59.jpeg 1536w, https:\/\/arhtusia.com\/wp-content\/uploads\/2026\/03\/LOGO-COULEUR59-300x200.jpeg 300w, https:\/\/arhtusia.com\/wp-content\/uploads\/2026\/03\/LOGO-COULEUR59-1024x683.jpeg 1024w, https:\/\/arhtusia.com\/wp-content\/uploads\/2026\/03\/LOGO-COULEUR59-768x512.jpeg 768w\" sizes=\"(max-width: 1536px) 100vw, 1536px\" \/>\t\t\t\t\t\t\t\t\t\t\t\t\t\t\t<\/div>\n\t\t\t\t<div class=\"elementor-element elementor-element-186ebc0 elementor-mobile-align-center elementor-widget__width-initial elementor-icon-list--layout-traditional elementor-list-item-link-full_width elementor-widget elementor-widget-icon-list\" data-id=\"186ebc0\" data-element_type=\"widget\" data-e-type=\"widget\" data-widget_type=\"icon-list.default\">\n\t\t\t\t\t\t\t<ul class=\"elementor-icon-list-items\">\n\t\t\t\t\t\t\t<li class=\"elementor-icon-list-item\">\n\t\t\t\t\t\t\t\t\t\t<span class=\"elementor-icon-list-text\"><\/span>\n\t\t\t\t\t\t\t\t\t<\/li>\n\t\t\t\t\t\t\t\t<li class=\"elementor-icon-list-item\">\n\t\t\t\t\t\t\t\t\t\t<span class=\"elementor-icon-list-text\"><\/span>\n\t\t\t\t\t\t\t\t\t<\/li>\n\t\t\t\t\t\t\t\t<li class=\"elementor-icon-list-item\">\n\t\t\t\t\t\t\t\t\t\t<span class=\"elementor-icon-list-text\"><\/span>\n\t\t\t\t\t\t\t\t\t<\/li>\n\t\t\t\t\t\t\t\t<li class=\"elementor-icon-list-item\">\n\t\t\t\t\t\t\t\t\t\t<span class=\"elementor-icon-list-text\"><\/span>\n\t\t\t\t\t\t\t\t\t<\/li>\n\t\t\t\t\t\t<\/ul>\n\t\t\t\t\t\t<\/div>\n\t\t\t\t<\/div>\n\t\t<div class=\"elementor-element elementor-element-521bf967 e-con-full elementor-hidden-mobile e-flex e-con e-child\" data-id=\"521bf967\" data-element_type=\"container\" data-e-type=\"container\">\n\t\t\t\t<div class=\"elementor-element elementor-element-2d25d5f0 elementor-widget elementor-widget-heading\" data-id=\"2d25d5f0\" data-element_type=\"widget\" data-e-type=\"widget\" data-widget_type=\"heading.default\">\n\t\t\t\t\t<h6 class=\"elementor-heading-title elementor-size-default\">Services<\/h6>\t\t\t\t<\/div>\n\t\t\t\t<div class=\"elementor-element elementor-element-86bf1e8 elementor-icon-list--layout-traditional elementor-list-item-link-full_width elementor-widget elementor-widget-icon-list\" data-id=\"86bf1e8\" data-element_type=\"widget\" data-e-type=\"widget\" data-widget_type=\"icon-list.default\">\n\t\t\t\t\t\t\t<ul class=\"elementor-icon-list-items\">\n\t\t\t\t\t\t\t<li class=\"elementor-icon-list-item\">\n\t\t\t\t\t\t\t\t\t\t<span class=\"elementor-icon-list-text\"><span>Abonnement Trimestriel<\/span><span><\/span><br><\/span>\n\t\t\t\t\t\t\t\t\t<\/li>\n\t\t\t\t\t\t\t\t<li class=\"elementor-icon-list-item\">\n\t\t\t\t\t\t\t\t\t\t<span class=\"elementor-icon-list-text\">Externalisation RH <br><\/span>\n\t\t\t\t\t\t\t\t\t<\/li>\n\t\t\t\t\t\t\t\t<li class=\"elementor-icon-list-item\">\n\t\t\t\t\t\t\t\t\t\t<span class=\"elementor-icon-list-text\">Audit &amp; Pilotage de Projets<br><\/span>\n\t\t\t\t\t\t\t\t\t<\/li>\n\t\t\t\t\t\t\t\t<li class=\"elementor-icon-list-item\">\n\t\t\t\t\t\t\t\t\t\t<span class=\"elementor-icon-list-text\">Formations sur mesure<br><\/span>\n\t\t\t\t\t\t\t\t\t<\/li>\n\t\t\t\t\t\t\t\t<li class=\"elementor-icon-list-item\">\n\t\t\t\t\t\t\t\t\t\t<span class=\"elementor-icon-list-text\"><\/span>\n\t\t\t\t\t\t\t\t\t<\/li>\n\t\t\t\t\t\t\t\t<li class=\"elementor-icon-list-item\">\n\t\t\t\t\t\t\t\t\t\t<span class=\"elementor-icon-list-text\"><\/span>\n\t\t\t\t\t\t\t\t\t<\/li>\n\t\t\t\t\t\t\t\t<li class=\"elementor-icon-list-item\">\n\t\t\t\t\t\t\t\t\t\t<span class=\"elementor-icon-list-text\"><\/span>\n\t\t\t\t\t\t\t\t\t<\/li>\n\t\t\t\t\t\t<\/ul>\n\t\t\t\t\t\t<\/div>\n\t\t\t\t<\/div>\n\t\t<div class=\"elementor-element elementor-element-48d5cce3 e-con-full e-flex e-con e-child\" data-id=\"48d5cce3\" data-element_type=\"container\" data-e-type=\"container\">\n\t\t\t\t<div class=\"elementor-element elementor-element-577bd7cb elementor-widget elementor-widget-heading\" data-id=\"577bd7cb\" data-element_type=\"widget\" data-e-type=\"widget\" data-widget_type=\"heading.default\">\n\t\t\t\t\t<h6 class=\"elementor-heading-title elementor-size-default\">Suivez-nous <\/h6>\t\t\t\t<\/div>\n\t\t\t\t<div class=\"elementor-element elementor-element-38543ed9 e-grid-align-left elementor-shape-rounded elementor-grid-0 elementor-widget elementor-widget-social-icons\" data-id=\"38543ed9\" data-element_type=\"widget\" data-e-type=\"widget\" data-widget_type=\"social-icons.default\">\n\t\t\t\t\t\t\t<div class=\"elementor-social-icons-wrapper elementor-grid\">\n\t\t\t\t\t\t\t<span class=\"elementor-grid-item\">\n\t\t\t\t\t<a class=\"elementor-icon elementor-social-icon elementor-social-icon-linkedin elementor-repeater-item-3f1b7ac\" href=\"https:\/\/www.linkedin.com\/company\/arhtusia\/\" target=\"_blank\">\n\t\t\t\t\t\t<span class=\"elementor-screen-only\">Linkedin<\/span>\n\t\t\t\t\t\t<svg aria-hidden=\"true\" class=\"e-font-icon-svg e-fab-linkedin\" viewBox=\"0 0 448 512\" xmlns=\"http:\/\/www.w3.org\/2000\/svg\"><path d=\"M416 32H31.9C14.3 32 0 46.5 0 64.3v383.4C0 465.5 14.3 480 31.9 480H416c17.6 0 32-14.5 32-32.3V64.3c0-17.8-14.4-32.3-32-32.3zM135.4 416H69V202.2h66.5V416zm-33.2-243c-21.3 0-38.5-17.3-38.5-38.5S80.9 96 102.2 96c21.2 0 38.5 17.3 38.5 38.5 0 21.3-17.2 38.5-38.5 38.5zm282.1 243h-66.4V312c0-24.8-.5-56.7-34.5-56.7-34.6 0-39.9 27-39.9 54.9V416h-66.4V202.2h63.7v29.2h.9c8.9-16.8 30.6-34.5 62.9-34.5 67.2 0 79.7 44.3 79.7 101.9V416z\"><\/path><\/svg>\t\t\t\t\t<\/a>\n\t\t\t\t<\/span>\n\t\t\t\t\t<\/div>\n\t\t\t\t\t\t<\/div>\n\t\t\t\t<div class=\"elementor-element elementor-element-04d3380 elementor-widget elementor-widget-heading\" data-id=\"04d3380\" data-element_type=\"widget\" data-e-type=\"widget\" data-widget_type=\"heading.default\">\n\t\t\t\t\t<h6 class=\"elementor-heading-title elementor-size-default\">Contactez nous <\/h6>\t\t\t\t<\/div>\n\t\t\t\t<div class=\"elementor-element elementor-element-5ea8ae10 elementor-mobile-align-center elementor-icon-list--layout-traditional elementor-list-item-link-full_width elementor-widget elementor-widget-icon-list\" data-id=\"5ea8ae10\" data-element_type=\"widget\" data-e-type=\"widget\" data-widget_type=\"icon-list.default\">\n\t\t\t\t\t\t\t<ul class=\"elementor-icon-list-items\">\n\t\t\t\t\t\t\t<li class=\"elementor-icon-list-item\">\n\t\t\t\t\t\t\t\t\t\t\t<a href=\"http:\/\/carine.durand@arhtusia.com\">\n\n\t\t\t\t\t\t\t\t\t\t\t<span class=\"elementor-icon-list-text\">aRHtusia Nantes <br>Carine DURAND <br>carine.durand@arhtusia.com<\/span>\n\t\t\t\t\t\t\t\t\t\t\t<\/a>\n\t\t\t\t\t\t\t\t\t<\/li>\n\t\t\t\t\t\t\t\t<li class=\"elementor-icon-list-item\">\n\t\t\t\t\t\t\t\t\t\t\t<a href=\"http:\/\/lucie.lamouroux@arhtusia.com\">\n\n\t\t\t\t\t\t\t\t\t\t\t<span class=\"elementor-icon-list-text\"><br>aRHtusia Laval <br>Lucie LAMOUROUX <br>lucie.lamouroux@arhtusia.com<br><\/span>\n\t\t\t\t\t\t\t\t\t\t\t<\/a>\n\t\t\t\t\t\t\t\t\t<\/li>\n\t\t\t\t\t\t<\/ul>\n\t\t\t\t\t\t<\/div>\n\t\t\t\t<\/div>\n\t\t\t\t<\/div>\n\t\t<div class=\"elementor-element elementor-element-46a25f8f e-con-full e-flex e-con e-parent\" data-id=\"46a25f8f\" data-element_type=\"container\" data-e-type=\"container\" data-settings=\"{&quot;background_background&quot;:&quot;classic&quot;}\">\n\t\t<div class=\"elementor-element elementor-element-b4c55ae e-grid e-con-full e-con e-child\" data-id=\"b4c55ae\" data-element_type=\"container\" data-e-type=\"container\">\n\t\t\t\t<div class=\"elementor-element elementor-element-4525f4f elementor-widget elementor-widget-heading\" data-id=\"4525f4f\" data-element_type=\"widget\" data-e-type=\"widget\" data-widget_type=\"heading.default\">\n\t\t\t\t\t<h6 class=\"elementor-heading-title elementor-size-default\">Tous droits r\u00e9serv\u00e9s aRHtusia <span class=\"elementor-heading-title elementor-size-default\" style=\"font-family: var( --e-global-typography-d372faf-font-family ), Sans-serif;white-space: normal;font-size: var( --e-global-typography-d372faf-font-size );text-align: center\">\u00a9<\/span><\/h6>\t\t\t\t<\/div>\n\t\t\t\t<div class=\"elementor-element elementor-element-dcee9ad elementor-widget elementor-widget-heading\" data-id=\"dcee9ad\" data-element_type=\"widget\" data-e-type=\"widget\" data-widget_type=\"heading.default\">\n\t\t\t\t\t<h6 class=\"elementor-heading-title elementor-size-default\">Mentions l\u00e9gales <\/h6>\t\t\t\t<\/div>\n\t\t\t\t<\/div>\n\t\t\t\t<\/div>\n\t\t\t\t<\/div>\n\t\t","protected":false},"excerpt":{"rendered":"<p>1. Informations g\u00e9n\u00e9rales Le pr\u00e9sent site est \u00e9dit\u00e9 par : aRHtusia\u00a0Repr\u00e9sent\u00e9e par : Si\u00e8ge social :Adresse :\u00a0 Num\u00e9ro SIREN : [&hellip;]<\/p>\n","protected":false},"author":1,"featured_media":0,"parent":0,"menu_order":0,"comment_status":"closed","ping_status":"closed","template":"elementor_header_footer","meta":{"site-sidebar-layout":"no-sidebar","site-content-layout":"","ast-site-content-layout":"full-width-container","site-content-style":"default","site-sidebar-style":"default","ast-global-header-display":"","ast-banner-title-visibility":"","ast-main-header-display":"","ast-hfb-above-header-display":"","ast-hfb-below-header-display":"","ast-hfb-mobile-header-display":"","site-post-title":"disabled","ast-breadcrumbs-content":"","ast-featured-img":"disabled","footer-sml-layout":"","theme-transparent-header-meta":"","adv-header-id-meta":"","stick-header-meta":"","header-above-stick-meta":"","header-main-stick-meta":"","header-below-stick-meta":"","astra-migrate-meta-layouts":"default","ast-page-background-enabled":"default","ast-page-background-meta":{"desktop":{"background-color":"var(--ast-global-color-5)","background-image":"","background-repeat":"repeat","background-position":"center center","background-size":"auto","background-attachment":"scroll","background-type":"","background-media":"","overlay-type":"","overlay-color":"","overlay-opacity":"","overlay-gradient":""},"tablet":{"background-color":"","background-image":"","background-repeat":"repeat","background-position":"center center","background-size":"auto","background-attachment":"scroll","background-type":"","background-media":"","overlay-type":"","overlay-color":"","overlay-opacity":"","overlay-gradient":""},"mobile":{"background-color":"","background-image":"","background-repeat":"repeat","background-position":"center center","background-size":"auto","background-attachment":"scroll","background-type":"","background-media":"","overlay-type":"","overlay-color":"","overlay-opacity":"","overlay-gradient":""}},"ast-content-background-meta":{"desktop":{"background-color":"var(--ast-global-color-4)","background-image":"","background-repeat":"repeat","background-position":"center center","background-size":"auto","background-attachment":"scroll","background-type":"","background-media":"","overlay-type":"","overlay-color":"","overlay-opacity":"","overlay-gradient":""},"tablet":{"background-color":"var(--ast-global-color-4)","background-image":"","background-repeat":"repeat","background-position":"center center","background-size":"auto","background-attachment":"scroll","background-type":"","background-media":"","overlay-type":"","overlay-color":"","overlay-opacity":"","overlay-gradient":""},"mobile":{"background-color":"var(--ast-global-color-4)","background-image":"","background-repeat":"repeat","background-position":"center center","background-size":"auto","background-attachment":"scroll","background-type":"","background-media":"","overlay-type":"","overlay-color":"","overlay-opacity":"","overlay-gradient":""}},"footnotes":""},"class_list":["post-980","page","type-page","status-publish","hentry"],"_links":{"self":[{"href":"https:\/\/arhtusia.com\/index.php\/wp-json\/wp\/v2\/pages\/980","targetHints":{"allow":["GET"]}}],"collection":[{"href":"https:\/\/arhtusia.com\/index.php\/wp-json\/wp\/v2\/pages"}],"about":[{"href":"https:\/\/arhtusia.com\/index.php\/wp-json\/wp\/v2\/types\/page"}],"author":[{"embeddable":true,"href":"https:\/\/arhtusia.com\/index.php\/wp-json\/wp\/v2\/users\/1"}],"replies":[{"embeddable":true,"href":"https:\/\/arhtusia.com\/index.php\/wp-json\/wp\/v2\/comments?post=980"}],"version-history":[{"count":4,"href":"https:\/\/arhtusia.com\/index.php\/wp-json\/wp\/v2\/pages\/980\/revisions"}],"predecessor-version":[{"id":985,"href":"https:\/\/arhtusia.com\/index.php\/wp-json\/wp\/v2\/pages\/980\/revisions\/985"}],"wp:attachment":[{"href":"https:\/\/arhtusia.com\/index.php\/wp-json\/wp\/v2\/media?parent=980"}],"curies":[{"name":"wp","href":"https:\/\/api.w.org\/{rel}","templated":true}]}}